{"id":140,"date":"2024-01-15T22:17:38","date_gmt":"2024-01-15T21:17:38","guid":{"rendered":"https:\/\/www.angelo.roj.fr\/?page_id=140"},"modified":"2024-01-22T22:03:29","modified_gmt":"2024-01-22T21:03:29","slug":"page-3","status":"publish","type":"page","link":"https:\/\/www.angelo.roj.fr\/index.php\/page-3\/","title":{"rendered":"Pr\u00e9sentation"},"content":{"rendered":"\n<p class=\"has-text-align-center\"><strong>Angelo Puggioni<\/strong><\/p>\n\n\n<div class=\"wp-block-image\">\n<figure class=\"aligncenter size-full\"><img loading=\"lazy\" decoding=\"async\" width=\"344\" height=\"343\" src=\"https:\/\/www.angelo.roj.fr\/wp-content\/uploads\/2024\/01\/photo_angelo.png\" alt=\"\" class=\"wp-image-155\"\/><\/figure>\n<\/div>\n\n\n<p class=\"justification_text has-normal-font-size\" style=\"font-style:normal;font-weight:400\"><em>Je suis n\u00e9 \u00e0 Rome. Apr\u00e8s une formation universitaire en Sociologie de la Communication,<br>et un parcours professionnel assez atypique en Italie (des m\u00e9dias audiovisuels au travail<br>th\u00e9\u00e2tral, de l\u2019animation culturelle \u00e0 l\u2019exploitation agricole), je me suis \u00e9tabli en France avec<br>ma famille en 1989 o\u00f9 j\u2019ai travaill\u00e9 en tant qu\u2019Educateur Sp\u00e9cialis\u00e9 aupr\u00e8s d\u2019enfants et<br>d\u2019adolescents en difficult\u00e9s. Les courtes mais tr\u00e8s intenses exp\u00e9riences dans des<br>missions \u00e9ducatives dans des contextes de conflits arm\u00e9s (Bosnie et Kosovo) m\u2019ont<br>beaucoup marqu\u00e9 en me poussant \u00e0 approfondir les probl\u00e9matiques psychologiques li\u00e9es<br>aux divers traumatismes. Tout en continuant \u00e0 travailler comme \u00e9ducateur, j\u2019ai suivi une<br>formation en Psychologie et Psychopathologie Clinique \u00e0 l\u2019Universit\u00e9 Lyon 2, obtenant le<br>Master 2 en 2001. J\u2019ai exerc\u00e9 en tant que Psychologue Clinicien, en lib\u00e9ral et en<br>institution. J\u2019ai \u00e9t\u00e9 form\u00e9 \u00e0 l\u2019EMDR par David Servan-Schreiber. J\u2019ai \u00e9t\u00e9 charg\u00e9 de cours \u00e0<br>l\u2019Universit\u00e9 Lyon 2 ainsi que formateur, superviseur et intervenant dans diff\u00e9rentes<br>institutions sociales et \u00e9ducatives. J\u2019ai collabor\u00e9 entre 2016 et 2018 avec l\u2019Association<br>SEVE, fond\u00e9 par Fr\u00e9d\u00e9ric Lenoir, en tant qu\u2019animateur et formateur d\u2019intervenants en<br>ateliers philosophiques dans les \u00e9coles, les coll\u00e8ges et les lyc\u00e9es. Aujourd\u2019hui, riche de<br>mon exp\u00e9rience professionnelle et de mon exp\u00e9rience de vie, j\u2019exerce en tant que<br>th\u00e9rapeute, avec l\u2019exigence de red\u00e9finir ma posture professionnelle en interrogeant le<br>sens global du soin qui se doit de prendre en compte toutes les dimensions de la nature<br>humaine (somatique, psychique et existentielle). Dans ma pratique actuelle la qualit\u00e9 de la<br>relation humaine est con\u00e7ue, plus que jamais, comme \u00e9tant la cl\u00e9 de voute du parcours<br>th\u00e9rapeutique. Je continue \u00e0 approfondir la r\u00e9flexion sur tous les aspects de diff\u00e9rentes<br>probl\u00e9matiques concernant la condition humaine et je participe \u00e0 des formations sur ces<br>sujets.<\/em><\/p>\n\n\n\n<p><\/p>\n\n\n\n<p><\/p>\n\n\n\n<p><\/p>\n","protected":false},"excerpt":{"rendered":"<p>Angelo Puggioni Je suis n\u00e9 \u00e0 Rome. Apr\u00e8s une formation universitaire en Sociologie de la Communication,et un parcours professionnel assez atypique en Italie (des m\u00e9dias &hellip;<\/p>\n","protected":false},"author":1,"featured_media":151,"parent":0,"menu_order":0,"comment_status":"closed","ping_status":"closed","template":"","meta":{"footnotes":""},"class_list":["post-140","page","type-page","status-publish","has-post-thumbnail","hentry"],"_links":{"self":[{"href":"https:\/\/www.angelo.roj.fr\/index.php\/wp-json\/wp\/v2\/pages\/140","targetHints":{"allow":["GET"]}}],"collection":[{"href":"https:\/\/www.angelo.roj.fr\/index.php\/wp-json\/wp\/v2\/pages"}],"about":[{"href":"https:\/\/www.angelo.roj.fr\/index.php\/wp-json\/wp\/v2\/types\/page"}],"author":[{"embeddable":true,"href":"https:\/\/www.angelo.roj.fr\/index.php\/wp-json\/wp\/v2\/users\/1"}],"replies":[{"embeddable":true,"href":"https:\/\/www.angelo.roj.fr\/index.php\/wp-json\/wp\/v2\/comments?post=140"}],"version-history":[{"count":18,"href":"https:\/\/www.angelo.roj.fr\/index.php\/wp-json\/wp\/v2\/pages\/140\/revisions"}],"predecessor-version":[{"id":193,"href":"https:\/\/www.angelo.roj.fr\/index.php\/wp-json\/wp\/v2\/pages\/140\/revisions\/193"}],"wp:featuredmedia":[{"embeddable":true,"href":"https:\/\/www.angelo.roj.fr\/index.php\/wp-json\/wp\/v2\/media\/151"}],"wp:attachment":[{"href":"https:\/\/www.angelo.roj.fr\/index.php\/wp-json\/wp\/v2\/media?parent=140"}],"curies":[{"name":"wp","href":"https:\/\/api.w.org\/{rel}","templated":true}]}}