{"id":15,"date":"2024-01-11T21:16:53","date_gmt":"2024-01-11T20:16:53","guid":{"rendered":"https:\/\/www.angelo.roj.fr\/?page_id=15"},"modified":"2024-01-24T21:46:18","modified_gmt":"2024-01-24T20:46:18","slug":"page-principale","status":"publish","type":"page","link":"https:\/\/www.angelo.roj.fr\/index.php\/page-principale\/","title":{"rendered":"TH\u00c9RAPIE"},"content":{"rendered":"\n<p><strong>QUESTIONNER LE SENS\u2026<\/strong><\/p>\n\n\n\n<p class=\"justification_text\"><strong>Aujourd\u2019hui, apr\u00e8s dix ans en tant qu\u2019Educateur Sp\u00e9cialis\u00e9 et seize ans en tant que<br>Psychologue Clinicien, Angelo Puggioni propose une nouvelle approche<br>th\u00e9rapeutique. Celle-ci est centr\u00e9e sur le d\u00e9sir profond que chaque \u00eatre humain a<br>enfoui en soi : d\u00e9couvrir un sens \u00e0 son \u00eatre au monde. Son approche s\u2019appuie sur la<br>prise en compte de toutes les dimensions de la nature humaine (somatique, psychique<br>et existentielle) qui enracinent chacun de nous dans le myst\u00e8re de la vie. Pouvoir<br>s\u2019inscrire, d\u2019une mani\u00e8re suffisamment coh\u00e9rente et harmonieuse, dans la \u201clogique\u201d de<br>ce myst\u00e8re est un facteur essentiel de sant\u00e9 et d\u2019\u00e9panouissement. Le th\u00e9rapeute n\u2019est<br>pas un coach de d\u00e9veloppement personnel ni un dispensateur de conseils ou<br>d\u2019enseignements ; il est plut\u00f4t un accompagnateur qui questionne son interlocuteur<br>afin de l\u2019aider \u00e0 avancer sur son chemin. Dans cette optique, la qualit\u00e9 de la relation<br>humaine est en soi un \u00e9l\u00e9ment fondateur du travail th\u00e9rapeutique. Malgr\u00e9 tiraillements<br>et difficult\u00e9s, chacun de nous peut s\u2019engager sur un chemin de recherche afin de<br>trouver un sens \u00e0 sa vie.<\/strong><\/p>\n\n\n\n<p><strong>L\u2019approche th\u00e9rapeutique d\u2019Angelo Puggioni, qui s\u2019adresse autant aux adultes<br>qu\u2019aux adolescents, est modulable selon les diverses situations. Il se d\u00e9cline<br>essentiellement en deux dispositifs possibles :<\/strong><\/p>\n\n\n\n<ul class=\"wp-block-list\">\n<li><strong>des entretiens d\u2019accompagnement individuel, dans lesquels chacun est invit\u00e9,<br>\u00e0 travers la prise en compte des difficult\u00e9s qui ont jalonn\u00e9 son histoire, \u00e0 \u00e9clairer<br>les profondeurs de son d\u00e9sir de vie.<\/strong><\/li>\n<\/ul>\n\n\n\n<ul class=\"wp-block-list\">\n<li><strong>des \u00e9changes collectifs sous la forme de petits groupes d\u2019approfondissement et<br>de partage, appel\u00e9s Cercles de R\u00e9flexion et de Dialogue.<\/strong><\/li>\n<\/ul>\n\n\n\n<p><strong>La grille tarifaire est adapt\u00e9e aux possibilit\u00e9s de chacun.<\/strong><\/p>\n\n\n\n<p><\/p>\n","protected":false},"excerpt":{"rendered":"<p>QUESTIONNER LE SENS\u2026 Aujourd\u2019hui, apr\u00e8s dix ans en tant qu\u2019Educateur Sp\u00e9cialis\u00e9 et seize ans en tant quePsychologue Clinicien, Angelo Puggioni propose une nouvelle approcheth\u00e9rapeutique. Celle-ci &hellip;<\/p>\n","protected":false},"author":1,"featured_media":38,"parent":0,"menu_order":0,"comment_status":"closed","ping_status":"closed","template":"","meta":{"footnotes":""},"class_list":["post-15","page","type-page","status-publish","has-post-thumbnail","hentry"],"_links":{"self":[{"href":"https:\/\/www.angelo.roj.fr\/index.php\/wp-json\/wp\/v2\/pages\/15","targetHints":{"allow":["GET"]}}],"collection":[{"href":"https:\/\/www.angelo.roj.fr\/index.php\/wp-json\/wp\/v2\/pages"}],"about":[{"href":"https:\/\/www.angelo.roj.fr\/index.php\/wp-json\/wp\/v2\/types\/page"}],"author":[{"embeddable":true,"href":"https:\/\/www.angelo.roj.fr\/index.php\/wp-json\/wp\/v2\/users\/1"}],"replies":[{"embeddable":true,"href":"https:\/\/www.angelo.roj.fr\/index.php\/wp-json\/wp\/v2\/comments?post=15"}],"version-history":[{"count":19,"href":"https:\/\/www.angelo.roj.fr\/index.php\/wp-json\/wp\/v2\/pages\/15\/revisions"}],"predecessor-version":[{"id":205,"href":"https:\/\/www.angelo.roj.fr\/index.php\/wp-json\/wp\/v2\/pages\/15\/revisions\/205"}],"wp:featuredmedia":[{"embeddable":true,"href":"https:\/\/www.angelo.roj.fr\/index.php\/wp-json\/wp\/v2\/media\/38"}],"wp:attachment":[{"href":"https:\/\/www.angelo.roj.fr\/index.php\/wp-json\/wp\/v2\/media?parent=15"}],"curies":[{"name":"wp","href":"https:\/\/api.w.org\/{rel}","templated":true}]}}