{"id":152,"date":"2024-01-22T21:22:01","date_gmt":"2024-01-22T20:22:01","guid":{"rendered":"https:\/\/www.angelo.roj.fr\/?page_id=152"},"modified":"2024-01-22T21:29:25","modified_gmt":"2024-01-22T20:29:25","slug":"tarfis","status":"publish","type":"page","link":"https:\/\/www.angelo.roj.fr\/index.php\/tarfis\/","title":{"rendered":"Tarifs"},"content":{"rendered":"\n<p class=\"has-text-align-center\"><strong>Dur\u00e9e des s\u00e9ances et grille tarifaire<\/strong><\/p>\n\n\n\n<p class=\"has-normal-font-size\">La dur\u00e9e d\u2019une s\u00e9ance est d\u2019environ <strong>45-50 mn<\/strong>.<\/p>\n\n\n\n<p class=\"has-normal-font-size\">Le tarif habituel est de <strong>50 \u20ac<\/strong>, mais, pour permettre \u00e0 tous l\u2019acc\u00e8s \u00e0 la th\u00e9rapie, vous \u00eates invit\u00e9 \u00e0 \u00e9valuer votre contribution selon vos possibilit\u00e9s financi\u00e8res. La gratuit\u00e9 peut \u00eatre envisag\u00e9e dans certains cas particuliers. N\u2019h\u00e9sitez pas \u00e0 en parler.<\/p>\n\n\n\n<p><\/p>\n","protected":false},"excerpt":{"rendered":"<p>Dur\u00e9e des s\u00e9ances et grille tarifaire La dur\u00e9e d\u2019une s\u00e9ance est d\u2019environ 45-50 mn. Le tarif habituel est de 50 \u20ac, mais, pour permettre \u00e0 &hellip;<\/p>\n","protected":false},"author":1,"featured_media":154,"parent":0,"menu_order":0,"comment_status":"closed","ping_status":"closed","template":"","meta":{"footnotes":""},"class_list":["post-152","page","type-page","status-publish","has-post-thumbnail","hentry"],"_links":{"self":[{"href":"https:\/\/www.angelo.roj.fr\/index.php\/wp-json\/wp\/v2\/pages\/152","targetHints":{"allow":["GET"]}}],"collection":[{"href":"https:\/\/www.angelo.roj.fr\/index.php\/wp-json\/wp\/v2\/pages"}],"about":[{"href":"https:\/\/www.angelo.roj.fr\/index.php\/wp-json\/wp\/v2\/types\/page"}],"author":[{"embeddable":true,"href":"https:\/\/www.angelo.roj.fr\/index.php\/wp-json\/wp\/v2\/users\/1"}],"replies":[{"embeddable":true,"href":"https:\/\/www.angelo.roj.fr\/index.php\/wp-json\/wp\/v2\/comments?post=152"}],"version-history":[{"count":4,"href":"https:\/\/www.angelo.roj.fr\/index.php\/wp-json\/wp\/v2\/pages\/152\/revisions"}],"predecessor-version":[{"id":165,"href":"https:\/\/www.angelo.roj.fr\/index.php\/wp-json\/wp\/v2\/pages\/152\/revisions\/165"}],"wp:featuredmedia":[{"embeddable":true,"href":"https:\/\/www.angelo.roj.fr\/index.php\/wp-json\/wp\/v2\/media\/154"}],"wp:attachment":[{"href":"https:\/\/www.angelo.roj.fr\/index.php\/wp-json\/wp\/v2\/media?parent=152"}],"curies":[{"name":"wp","href":"https:\/\/api.w.org\/{rel}","templated":true}]}}